{"id":541,"date":"2024-11-17T17:19:45","date_gmt":"2024-11-17T17:19:45","guid":{"rendered":"https:\/\/www.airpack.ee\/about\/"},"modified":"2026-02-22T14:55:57","modified_gmt":"2026-02-22T14:55:57","slug":"meist","status":"publish","type":"page","link":"https:\/\/airpack.ee\/da\/meist\/","title":{"rendered":"Om os"},"content":{"rendered":"<div data-elementor-type=\"wp-post\" data-elementor-id=\"541\" class=\"elementor elementor-541\" data-elementor-post-type=\"page\">\n\t\t\t\t<div class=\"elementor-element elementor-element-1256e6ca e-flex e-con-boxed e-con e-parent\" data-id=\"1256e6ca\" data-element_type=\"container\" data-e-type=\"container\" data-settings=\"{&quot;background_background&quot;:&quot;classic&quot;}\">\n\t\t\t\t\t<div class=\"e-con-inner\">\n\t\t<div class=\"elementor-element elementor-element-6f57219c e-con-full e-flex e-con e-child\" data-id=\"6f57219c\" data-element_type=\"container\" data-e-type=\"container\">\n\t\t\t\t<div class=\"elementor-element elementor-element-220d66e6 exad-sticky-section-no exad-glass-effect-no elementor-widget elementor-widget-heading\" data-id=\"220d66e6\" data-element_type=\"widget\" data-e-type=\"widget\" data-widget_type=\"heading.default\">\n\t\t\t\t<div class=\"elementor-widget-container\">\n\t\t\t\t\t<h1 class=\"elementor-heading-title elementor-size-default\">Om os<\/h1>\t\t\t\t<\/div>\n\t\t\t\t<\/div>\n\t\t\t\t<\/div>\n\t\t\t\t\t<\/div>\n\t\t\t\t<\/div>\n\t\t<div class=\"elementor-element elementor-element-ce23579 e-flex e-con-boxed e-con e-parent\" data-id=\"ce23579\" data-element_type=\"container\" data-e-type=\"container\">\n\t\t\t\t\t<div class=\"e-con-inner\">\n\t\t<div class=\"elementor-element elementor-element-89a7aec e-con-full e-flex e-con e-child\" data-id=\"89a7aec\" data-element_type=\"container\" data-e-type=\"container\">\n\t\t\t\t<div class=\"elementor-element elementor-element-a01f0dc exad-sticky-section-no exad-glass-effect-no elementor-widget elementor-widget-heading\" data-id=\"a01f0dc\" data-element_type=\"widget\" data-e-type=\"widget\" data-widget_type=\"heading.default\">\n\t\t\t\t<div class=\"elementor-widget-container\">\n\t\t\t\t\t<h2 class=\"elementor-heading-title elementor-size-default\">Airpack Estonia O\u00dc <\/h2>\t\t\t\t<\/div>\n\t\t\t\t<\/div>\n\t\t\t\t<div class=\"elementor-element elementor-element-e871351 exad-sticky-section-no exad-glass-effect-no elementor-widget elementor-widget-text-editor\" data-id=\"e871351\" data-element_type=\"widget\" data-e-type=\"widget\" data-widget_type=\"text-editor.default\">\n\t\t\t\t<div class=\"elementor-widget-container\">\n\t\t\t\t\t\t\t\t\t<p>Oleme turul tegutsenud t\u00e4naseks juba pea 13 aastat. Alustasime klientide saadetiste tarnimisega juba aastal 2012.<\/p>\t\t\t\t\t\t\t\t<\/div>\n\t\t\t\t<\/div>\n\t\t\t\t<div class=\"elementor-element elementor-element-0244f25 exad-sticky-section-no exad-glass-effect-no elementor-widget elementor-widget-text-editor\" data-id=\"0244f25\" data-element_type=\"widget\" data-e-type=\"widget\" data-widget_type=\"text-editor.default\">\n\t\t\t\t<div class=\"elementor-widget-container\">\n\t\t\t\t\t\t\t\t\t<p>Aastatepikkuse kogemuse ja maailma suurimate tarnijatega koost\u00f6\u00f6s suudame k\u00e4sitleda mis tahes iseloomu ja parameetritega saadetisi.\u00a0<\/p><p>Piltidel on kujutatud esimesi kujundusi, mis loodi koos ettev\u00f5tte asutamisega.\u00a0<\/p>\t\t\t\t\t\t\t\t<\/div>\n\t\t\t\t<\/div>\n\t\t\t\t<\/div>\n\t\t<div class=\"elementor-element elementor-element-e8e4600 e-con-full e-flex e-con e-child\" data-id=\"e8e4600\" data-element_type=\"container\" data-e-type=\"container\">\n\t\t\t\t<div class=\"elementor-element elementor-element-6060d91 exad-sticky-section-no exad-glass-effect-no elementor-widget elementor-widget-image\" data-id=\"6060d91\" data-element_type=\"widget\" data-e-type=\"widget\" data-widget_type=\"image.default\">\n\t\t\t\t<div class=\"elementor-widget-container\">\n\t\t\t\t\t\t\t\t\t\t\t\t\t\t\t<img fetchpriority=\"high\" decoding=\"async\" width=\"1637\" height=\"865\" src=\"https:\/\/www.airpack.ee\/wp-content\/uploads\/2024\/11\/See.png\" class=\"attachment-full size-full wp-image-1371\" alt=\"Paki saatmine\" srcset=\"https:\/\/www.airpack.ee\/wp-content\/uploads\/2024\/11\/See.png 1637w, https:\/\/www.airpack.ee\/wp-content\/uploads\/2024\/11\/See-300x159.png 300w, https:\/\/www.airpack.ee\/wp-content\/uploads\/2024\/11\/See-1024x541.png 1024w, https:\/\/www.airpack.ee\/wp-content\/uploads\/2024\/11\/See-768x406.png 768w, https:\/\/www.airpack.ee\/wp-content\/uploads\/2024\/11\/See-1536x812.png 1536w\" sizes=\"(max-width: 1637px) 100vw, 1637px\" \/>\t\t\t\t\t\t\t\t\t\t\t\t\t\t\t<\/div>\n\t\t\t\t<\/div>\n\t\t\t\t<div class=\"elementor-element elementor-element-52e5471 exad-sticky-section-no exad-glass-effect-no elementor-widget elementor-widget-image\" data-id=\"52e5471\" data-element_type=\"widget\" data-e-type=\"widget\" data-widget_type=\"image.default\">\n\t\t\t\t<div class=\"elementor-widget-container\">\n\t\t\t\t\t\t\t\t\t\t\t\t\t\t\t<img decoding=\"async\" width=\"736\" height=\"230\" src=\"https:\/\/www.airpack.ee\/wp-content\/uploads\/2024\/11\/Ka.png\" class=\"attachment-large size-large wp-image-1373\" alt=\"Paki saatmine\" srcset=\"https:\/\/www.airpack.ee\/wp-content\/uploads\/2024\/11\/Ka.png 736w, https:\/\/www.airpack.ee\/wp-content\/uploads\/2024\/11\/Ka-300x94.png 300w\" sizes=\"(max-width: 736px) 100vw, 736px\" \/>\t\t\t\t\t\t\t\t\t\t\t\t\t\t\t<\/div>\n\t\t\t\t<\/div>\n\t\t\t\t<\/div>\n\t\t\t\t\t<\/div>\n\t\t\t\t<\/div>\n\t\t<div class=\"elementor-element elementor-element-e9c7d5d e-flex e-con-boxed e-con e-parent\" data-id=\"e9c7d5d\" data-element_type=\"container\" data-e-type=\"container\">\n\t\t\t\t\t<div class=\"e-con-inner\">\n\t\t\t\t<div class=\"elementor-element elementor-element-7307732 exad-sticky-section-no exad-glass-effect-no elementor-widget elementor-widget-heading\" data-id=\"7307732\" data-element_type=\"widget\" data-e-type=\"widget\" data-widget_type=\"heading.default\">\n\t\t\t\t<div class=\"elementor-widget-container\">\n\t\t\t\t\t<h2 class=\"elementor-heading-title elementor-size-default\">Usaldusv\u00e4\u00e4rne kuller, lennu -  ja maanteetransporti teenus Eestis kui ka \u00fclemaailmselt.\n\n<\/h2>\t\t\t\t<\/div>\n\t\t\t\t<\/div>\n\t\t\t\t<div class=\"elementor-element elementor-element-c0d8c93 exad-sticky-section-no exad-glass-effect-no elementor-widget elementor-widget-text-editor\" data-id=\"c0d8c93\" data-element_type=\"widget\" data-e-type=\"widget\" data-widget_type=\"text-editor.default\">\n\t\t\t\t<div class=\"elementor-widget-container\">\n\t\t\t\t\t\t\t\t\t<p class=\"v1MsoNormal\">Oleme spetsialiseerunud riigisisestele ja rahvusvahelistele kaubavedudele. \u00dchendame logistikalahendused maantee-, \u00f5hu- ja meretranspordis P\u00f5hjamaades ja \u00fcle maailma. Oleme parim valik teie ettev\u00f5tte kiir- ja kullersaadetiste jaoks!&nbsp;<\/p>\n<p class=\"v1MsoNormal\">Tegeleme k\u00f5ige kiireloomulisemate tarnetega ja v\u00f5ite kindel olla, et saame saadetise kokkulepitud aja jooksul sihtkohta. V\u00f5tke meiega \u00fchendust ja me selgitame teile, kuidas saaksime teie elu lihtsustada.<\/p>\t\t\t\t\t\t\t\t<\/div>\n\t\t\t\t<\/div>\n\t\t\t\t\t<\/div>\n\t\t\t\t<\/div>\n\t\t<div class=\"elementor-element elementor-element-3c12480 e-flex e-con-boxed e-con e-parent\" data-id=\"3c12480\" data-element_type=\"container\" data-e-type=\"container\">\n\t\t\t\t\t<div class=\"e-con-inner\">\n\t\t\t\t<div class=\"elementor-element elementor-element-453b8e4 elementor-widget-divider--view-line exad-sticky-section-no exad-glass-effect-no elementor-widget elementor-widget-divider\" data-id=\"453b8e4\" data-element_type=\"widget\" data-e-type=\"widget\" data-widget_type=\"divider.default\">\n\t\t\t\t<div class=\"elementor-widget-container\">\n\t\t\t\t\t\t\t<div class=\"elementor-divider\">\n\t\t\t<span class=\"elementor-divider-separator\">\n\t\t\t\t\t\t<\/span>\n\t\t<\/div>\n\t\t\t\t\t\t<\/div>\n\t\t\t\t<\/div>\n\t\t\t\t\t<\/div>\n\t\t\t\t<\/div>\n\t\t<div class=\"elementor-element elementor-element-966123e e-con-full e-flex e-con e-parent\" data-id=\"966123e\" data-element_type=\"container\" data-e-type=\"container\" data-settings=\"{&quot;background_background&quot;:&quot;classic&quot;}\">\n\t\t\t\t<div class=\"elementor-element elementor-element-ed785a8 exad-sticky-section-no exad-glass-effect-no elementor-widget elementor-widget-google_maps\" data-id=\"ed785a8\" data-element_type=\"widget\" data-e-type=\"widget\" data-widget_type=\"google_maps.default\">\n\t\t\t\t<div class=\"elementor-widget-container\">\n\t\t\t\t\t\t\t<div class=\"elementor-custom-embed\">\n\t\t\t<iframe loading=\"lazy\"\n\t\t\t\t\tsrc=\"https:\/\/maps.google.com\/maps?q=Valukoja%2032%2C%2011415%20Tallinn&#038;t=m&#038;z=15&#038;output=embed&#038;iwloc=near\"\n\t\t\t\t\ttitle=\"Valukoja 32, 11415 Tallinn\"\n\t\t\t\t\taria-label=\"Valukoja 32, 11415 Tallinn\"\n\t\t\t><\/iframe>\n\t\t<\/div>\n\t\t\t\t\t\t<\/div>\n\t\t\t\t<\/div>\n\t\t\t\t<\/div>\n\t\t\t\t<\/div>","protected":false},"excerpt":{"rendered":"<p>Meist Airpack Estonia O\u00dc Oleme turul tegutsenud t\u00e4naseks juba pea 13 aastat. Alustasime klientide saadetiste tarnimisega juba aastal 2012. Aastatepikkuse kogemuse ja maailma suurimate tarnijatega koost\u00f6\u00f6s suudame k\u00e4sitleda mis tahes iseloomu ja parameetritega saadetisi.\u00a0 Piltidel on kujutatud esimesi kujundusi, mis loodi koos ettev\u00f5tte asutamisega.\u00a0 Usaldusv\u00e4\u00e4rne kuller, lennu &#8211; ja maanteetransporti teenus Eestis kui ka \u00fclemaailmselt. [&hellip;]<\/p>\n","protected":false},"author":1,"featured_media":0,"parent":0,"menu_order":0,"comment_status":"closed","ping_status":"closed","template":"","meta":{"site-sidebar-layout":"no-sidebar","site-content-layout":"page-builder","ast-site-content-layout":"full-width-container","site-content-style":"unboxed","site-sidebar-style":"unboxed","ast-global-header-display":"","ast-banner-title-visibility":"","ast-main-header-display":"","ast-hfb-above-header-display":"","ast-hfb-below-header-display":"","ast-hfb-mobile-header-display":"","site-post-title":"disabled","ast-breadcrumbs-content":"","ast-featured-img":"disabled","footer-sml-layout":"","theme-transparent-header-meta":"enabled","adv-header-id-meta":"","stick-header-meta":"","header-above-stick-meta":"","header-main-stick-meta":"","header-below-stick-meta":"","astra-migrate-meta-layouts":"set","ast-page-background-enabled":"default","ast-page-background-meta":{"desktop":{"background-color":"","background-image":"","background-repeat":"repeat","background-position":"center center","background-size":"auto","background-attachment":"scroll","background-type":"","background-media":"","overlay-type":"","overlay-color":"","overlay-opacity":"","overlay-gradient":""},"tablet":{"background-color":"","background-image":"","background-repeat":"repeat","background-position":"center center","background-size":"auto","background-attachment":"scroll","background-type":"","background-media":"","overlay-type":"","overlay-color":"","overlay-opacity":"","overlay-gradient":""},"mobile":{"background-color":"","background-image":"","background-repeat":"repeat","background-position":"center center","background-size":"auto","background-attachment":"scroll","background-type":"","background-media":"","overlay-type":"","overlay-color":"","overlay-opacity":"","overlay-gradient":""}},"ast-content-background-meta":{"desktop":{"background-color":"var(--ast-global-color-5)","background-image":"","background-repeat":"repeat","background-position":"center center","background-size":"auto","background-attachment":"scroll","background-type":"","background-media":"","overlay-type":"","overlay-color":"","overlay-opacity":"","overlay-gradient":""},"tablet":{"background-color":"var(--ast-global-color-5)","background-image":"","background-repeat":"repeat","background-position":"center center","background-size":"auto","background-attachment":"scroll","background-type":"","background-media":"","overlay-type":"","overlay-color":"","overlay-opacity":"","overlay-gradient":""},"mobile":{"background-color":"var(--ast-global-color-5)","background-image":"","background-repeat":"repeat","background-position":"center center","background-size":"auto","background-attachment":"scroll","background-type":"","background-media":"","overlay-type":"","overlay-color":"","overlay-opacity":"","overlay-gradient":""}},"footnotes":""},"class_list":["post-541","page","type-page","status-publish","hentry"],"yoast_head":"<!-- This site is optimized with the Yoast SEO plugin v27.6 - https:\/\/yoast.com\/product\/yoast-seo-wordpress\/ -->\n<title>Airpack Estonia \u2013 Maantee-, Mere- ja \u00d5hutransport Ettev\u00f5tetele<\/title>\n<meta name=\"description\" content=\"Oleme spetsialiseerunud riigisisestele ja rahvusvahelistele kaubavedudele. \u00dchendame logistikalahendused maantee-, \u00f5hu- ja meretranspordis P\u00f5hjamaades ja \u00fcle maailma. Oleme parim valik teie ettev\u00f5tte kiir- ja kullersaadetiste jaoks!\" \/>\n<meta name=\"robots\" content=\"index, follow, max-snippet:-1, max-image-preview:large, max-video-preview:-1\" \/>\n<link rel=\"canonical\" href=\"https:\/\/www.airpack.ee\/meist\/\" \/>\n<meta property=\"og:locale\" content=\"da_DK\" \/>\n<meta property=\"og:type\" content=\"article\" \/>\n<meta property=\"og:title\" content=\"Airpack Estonia \u2013 Maantee-, Mere- ja \u00d5hutransport Ettev\u00f5tetele\" \/>\n<meta property=\"og:description\" content=\"Oleme spetsialiseerunud riigisisestele ja rahvusvahelistele kaubavedudele. \u00dchendame logistikalahendused maantee-, \u00f5hu- ja meretranspordis P\u00f5hjamaades ja \u00fcle maailma. Oleme parim valik teie ettev\u00f5tte kiir- ja kullersaadetiste jaoks!\" \/>\n<meta property=\"og:url\" content=\"https:\/\/www.airpack.ee\/meist\/\" \/>\n<meta property=\"og:site_name\" content=\"Airpack Estonia\" \/>\n<meta property=\"article:publisher\" content=\"https:\/\/www.facebook.com\/p\/Airpack-Xpress-100093337930198\/\" \/>\n<meta property=\"article:modified_time\" content=\"2026-02-22T14:55:57+00:00\" \/>\n<meta property=\"og:image\" content=\"https:\/\/airpack.ee\/wp-content\/uploads\/2024\/11\/See.png\" \/>\n<meta name=\"twitter:card\" content=\"summary_large_image\" \/>\n<meta name=\"twitter:label1\" content=\"Estimeret l\u00e6setid\" \/>\n\t<meta name=\"twitter:data1\" content=\"1 minut\" \/>\n<script type=\"application\/ld+json\" class=\"yoast-schema-graph\">{\"@context\":\"https:\\\/\\\/schema.org\",\"@graph\":[{\"@type\":\"WebPage\",\"@id\":\"https:\\\/\\\/www.airpack.ee\\\/meist\\\/\",\"url\":\"https:\\\/\\\/www.airpack.ee\\\/meist\\\/\",\"name\":\"Airpack Estonia \u2013 Maantee-, Mere- ja \u00d5hutransport Ettev\u00f5tetele\",\"isPartOf\":{\"@id\":\"https:\\\/\\\/airpack.ee\\\/#website\"},\"primaryImageOfPage\":{\"@id\":\"https:\\\/\\\/www.airpack.ee\\\/meist\\\/#primaryimage\"},\"image\":{\"@id\":\"https:\\\/\\\/www.airpack.ee\\\/meist\\\/#primaryimage\"},\"thumbnailUrl\":\"https:\\\/\\\/airpack.ee\\\/wp-content\\\/uploads\\\/2024\\\/11\\\/See.png\",\"datePublished\":\"2024-11-17T17:19:45+00:00\",\"dateModified\":\"2026-02-22T14:55:57+00:00\",\"description\":\"Oleme spetsialiseerunud riigisisestele ja rahvusvahelistele kaubavedudele. \u00dchendame logistikalahendused maantee-, \u00f5hu- ja meretranspordis P\u00f5hjamaades ja \u00fcle maailma. Oleme parim valik teie ettev\u00f5tte kiir- ja kullersaadetiste jaoks!\",\"breadcrumb\":{\"@id\":\"https:\\\/\\\/www.airpack.ee\\\/meist\\\/#breadcrumb\"},\"inLanguage\":\"da-DK\",\"potentialAction\":[{\"@type\":\"ReadAction\",\"target\":[\"https:\\\/\\\/www.airpack.ee\\\/meist\\\/\"]}]},{\"@type\":\"ImageObject\",\"inLanguage\":\"da-DK\",\"@id\":\"https:\\\/\\\/www.airpack.ee\\\/meist\\\/#primaryimage\",\"url\":\"https:\\\/\\\/airpack.ee\\\/wp-content\\\/uploads\\\/2024\\\/11\\\/See.png\",\"contentUrl\":\"https:\\\/\\\/airpack.ee\\\/wp-content\\\/uploads\\\/2024\\\/11\\\/See.png\"},{\"@type\":\"BreadcrumbList\",\"@id\":\"https:\\\/\\\/www.airpack.ee\\\/meist\\\/#breadcrumb\",\"itemListElement\":[{\"@type\":\"ListItem\",\"position\":1,\"name\":\"Esileht\",\"item\":\"https:\\\/\\\/airpack.ee\\\/\"},{\"@type\":\"ListItem\",\"position\":2,\"name\":\"Meist\"}]},{\"@type\":\"WebSite\",\"@id\":\"https:\\\/\\\/airpack.ee\\\/#website\",\"url\":\"https:\\\/\\\/airpack.ee\\\/\",\"name\":\"Airpack Estonia\",\"description\":\"Tarnelahenduste partner\",\"publisher\":{\"@id\":\"https:\\\/\\\/airpack.ee\\\/#organization\"},\"potentialAction\":[{\"@type\":\"SearchAction\",\"target\":{\"@type\":\"EntryPoint\",\"urlTemplate\":\"https:\\\/\\\/airpack.ee\\\/?s={search_term_string}\"},\"query-input\":{\"@type\":\"PropertyValueSpecification\",\"valueRequired\":true,\"valueName\":\"search_term_string\"}}],\"inLanguage\":\"da-DK\"},{\"@type\":\"Organization\",\"@id\":\"https:\\\/\\\/airpack.ee\\\/#organization\",\"name\":\"Airpack Estonia\",\"url\":\"https:\\\/\\\/airpack.ee\\\/\",\"logo\":{\"@type\":\"ImageObject\",\"inLanguage\":\"da-DK\",\"@id\":\"https:\\\/\\\/airpack.ee\\\/#\\\/schema\\\/logo\\\/image\\\/\",\"url\":\"https:\\\/\\\/airpack.ee\\\/wp-content\\\/uploads\\\/2024\\\/11\\\/cropped-Airpack-4.png\",\"contentUrl\":\"https:\\\/\\\/airpack.ee\\\/wp-content\\\/uploads\\\/2024\\\/11\\\/cropped-Airpack-4.png\",\"width\":374,\"height\":222,\"caption\":\"Airpack Estonia\"},\"image\":{\"@id\":\"https:\\\/\\\/airpack.ee\\\/#\\\/schema\\\/logo\\\/image\\\/\"},\"sameAs\":[\"https:\\\/\\\/www.facebook.com\\\/p\\\/Airpack-Xpress-100093337930198\\\/\"]}]}<\/script>\n<!-- \/ Yoast SEO plugin. -->","yoast_head_json":{"title":"Airpack Estonia \u2013 Maantee-, Mere- ja \u00d5hutransport Ettev\u00f5tetele","description":"Oleme spetsialiseerunud riigisisestele ja rahvusvahelistele kaubavedudele. \u00dchendame logistikalahendused maantee-, \u00f5hu- ja meretranspordis P\u00f5hjamaades ja \u00fcle maailma. Oleme parim valik teie ettev\u00f5tte kiir- ja kullersaadetiste jaoks!","robots":{"index":"index","follow":"follow","max-snippet":"max-snippet:-1","max-image-preview":"max-image-preview:large","max-video-preview":"max-video-preview:-1"},"canonical":"https:\/\/www.airpack.ee\/meist\/","og_locale":"da_DK","og_type":"article","og_title":"Airpack Estonia \u2013 Maantee-, Mere- ja \u00d5hutransport Ettev\u00f5tetele","og_description":"Oleme spetsialiseerunud riigisisestele ja rahvusvahelistele kaubavedudele. \u00dchendame logistikalahendused maantee-, \u00f5hu- ja meretranspordis P\u00f5hjamaades ja \u00fcle maailma. Oleme parim valik teie ettev\u00f5tte kiir- ja kullersaadetiste jaoks!","og_url":"https:\/\/www.airpack.ee\/meist\/","og_site_name":"Airpack Estonia","article_publisher":"https:\/\/www.facebook.com\/p\/Airpack-Xpress-100093337930198\/","article_modified_time":"2026-02-22T14:55:57+00:00","og_image":[{"url":"https:\/\/airpack.ee\/wp-content\/uploads\/2024\/11\/See.png","type":"","width":"","height":""}],"twitter_card":"summary_large_image","twitter_misc":{"Estimeret l\u00e6setid":"1 minut"},"schema":{"@context":"https:\/\/schema.org","@graph":[{"@type":"WebPage","@id":"https:\/\/www.airpack.ee\/meist\/","url":"https:\/\/www.airpack.ee\/meist\/","name":"Airpack Estonia \u2013 Maantee-, Mere- ja \u00d5hutransport Ettev\u00f5tetele","isPartOf":{"@id":"https:\/\/airpack.ee\/#website"},"primaryImageOfPage":{"@id":"https:\/\/www.airpack.ee\/meist\/#primaryimage"},"image":{"@id":"https:\/\/www.airpack.ee\/meist\/#primaryimage"},"thumbnailUrl":"https:\/\/airpack.ee\/wp-content\/uploads\/2024\/11\/See.png","datePublished":"2024-11-17T17:19:45+00:00","dateModified":"2026-02-22T14:55:57+00:00","description":"Oleme spetsialiseerunud riigisisestele ja rahvusvahelistele kaubavedudele. \u00dchendame logistikalahendused maantee-, \u00f5hu- ja meretranspordis P\u00f5hjamaades ja \u00fcle maailma. Oleme parim valik teie ettev\u00f5tte kiir- ja kullersaadetiste jaoks!","breadcrumb":{"@id":"https:\/\/www.airpack.ee\/meist\/#breadcrumb"},"inLanguage":"da-DK","potentialAction":[{"@type":"ReadAction","target":["https:\/\/www.airpack.ee\/meist\/"]}]},{"@type":"ImageObject","inLanguage":"da-DK","@id":"https:\/\/www.airpack.ee\/meist\/#primaryimage","url":"https:\/\/airpack.ee\/wp-content\/uploads\/2024\/11\/See.png","contentUrl":"https:\/\/airpack.ee\/wp-content\/uploads\/2024\/11\/See.png"},{"@type":"BreadcrumbList","@id":"https:\/\/www.airpack.ee\/meist\/#breadcrumb","itemListElement":[{"@type":"ListItem","position":1,"name":"Esileht","item":"https:\/\/airpack.ee\/"},{"@type":"ListItem","position":2,"name":"Meist"}]},{"@type":"WebSite","@id":"https:\/\/airpack.ee\/#website","url":"https:\/\/airpack.ee\/","name":"Airpack Estland","description":"Partner for leveringsl\u00f8sninger","publisher":{"@id":"https:\/\/airpack.ee\/#organization"},"potentialAction":[{"@type":"SearchAction","target":{"@type":"EntryPoint","urlTemplate":"https:\/\/airpack.ee\/?s={search_term_string}"},"query-input":{"@type":"PropertyValueSpecification","valueRequired":true,"valueName":"search_term_string"}}],"inLanguage":"da-DK"},{"@type":"Organization","@id":"https:\/\/airpack.ee\/#organization","name":"Airpack Estland","url":"https:\/\/airpack.ee\/","logo":{"@type":"ImageObject","inLanguage":"da-DK","@id":"https:\/\/airpack.ee\/#\/schema\/logo\/image\/","url":"https:\/\/airpack.ee\/wp-content\/uploads\/2024\/11\/cropped-Airpack-4.png","contentUrl":"https:\/\/airpack.ee\/wp-content\/uploads\/2024\/11\/cropped-Airpack-4.png","width":374,"height":222,"caption":"Airpack Estonia"},"image":{"@id":"https:\/\/airpack.ee\/#\/schema\/logo\/image\/"},"sameAs":["https:\/\/www.facebook.com\/p\/Airpack-Xpress-100093337930198\/"]}]}},"_links":{"self":[{"href":"https:\/\/airpack.ee\/da\/wp-json\/wp\/v2\/pages\/541","targetHints":{"allow":["GET"]}}],"collection":[{"href":"https:\/\/airpack.ee\/da\/wp-json\/wp\/v2\/pages"}],"about":[{"href":"https:\/\/airpack.ee\/da\/wp-json\/wp\/v2\/types\/page"}],"author":[{"embeddable":true,"href":"https:\/\/airpack.ee\/da\/wp-json\/wp\/v2\/users\/1"}],"replies":[{"embeddable":true,"href":"https:\/\/airpack.ee\/da\/wp-json\/wp\/v2\/comments?post=541"}],"version-history":[{"count":5,"href":"https:\/\/airpack.ee\/da\/wp-json\/wp\/v2\/pages\/541\/revisions"}],"predecessor-version":[{"id":1813,"href":"https:\/\/airpack.ee\/da\/wp-json\/wp\/v2\/pages\/541\/revisions\/1813"}],"wp:attachment":[{"href":"https:\/\/airpack.ee\/da\/wp-json\/wp\/v2\/media?parent=541"}],"curies":[{"name":"wp","href":"https:\/\/api.w.org\/{rel}","templated":true}]}}